{"id":109,"date":"2015-08-23T13:49:36","date_gmt":"2015-08-23T11:49:36","guid":{"rendered":"http:\/\/imz-it.de\/?page_id=109"},"modified":"2019-04-07T22:06:33","modified_gmt":"2019-04-07T20:06:33","slug":"was-wir-bieten","status":"publish","type":"page","link":"https:\/\/imz-it.de\/?page_id=109","title":{"rendered":"Was wir bieten."},"content":{"rendered":"<div id=\"pl-109\"  class=\"panel-layout\" >\n<div id=\"pg-109-0\"  class=\"panel-grid panel-no-style\" >\n<div id=\"pgc-109-0-0\"  class=\"panel-grid-cell\"  data-weight=\"1\" >\n<div id=\"panel-109-0-0-0\" class=\"so-panel widget widget_black-studio-tinymce widget_black_studio_tinymce panel-first-child\" data-index=\"0\" data-style=\"{&quot;background_display&quot;:&quot;tile&quot;}\" >\n<h3 class=\"widget-title\">Delphi<\/h3>\n<div class=\"textwidget\">\n<p><img loading=\"lazy\" decoding=\"async\" class=\"alignleft wp-image-204 size-medium\" src=\"http:\/\/imz-it.de\/wp-content\/uploads\/2015\/08\/Delphi1-300x190.jpg\" alt=\"Delphi\" width=\"300\" height=\"190\" srcset=\"https:\/\/imz-it.de\/wp-content\/uploads\/2015\/08\/Delphi1-300x190.jpg 300w, https:\/\/imz-it.de\/wp-content\/uploads\/2015\/08\/Delphi1-80x50.jpg 80w, https:\/\/imz-it.de\/wp-content\/uploads\/2015\/08\/Delphi1.jpg 632w\" sizes=\"(max-width: 300px) 100vw, 300px\" \/><\/p>\n<p>\u00a0<\/p>\n<p>Seit Gr\u00fcndung des Ingenieurb\u00fcros entwickeln wir Software mit sogenannten Hochsprachen. Beginnend in den 80ern mit Turbo Pascal und, bis heute, mit Delphi. Im Laufe der Jahre kamen Entwicklungen mit C\/C++ und C# hinzu. Ein gro\u00dfer Teil davon sind Datenbankanwendungen. Was dazu f\u00fchrte, dass wir intensive Kenntnisse mit Oracle- und MS-SQL Datenbanken erwarben. Dazu geh\u00f6rt auch das Erlernen und Anwenden von PL\/SQL. Die Administration von Datenbank und Linux \u00a0Betriebssystem geh\u00f6ren\u00a0ebenfalls dazu. <span style=\"color: #e1ede1;\"><a style=\"color: #e1ede1;\" href=\"http:\/\/imz-it.de\/?page_id=431\">mehr<\/a><\/span><\/p>\n<\/div>\n<\/div>\n<div id=\"panel-109-0-0-1\" class=\"so-panel widget widget_black-studio-tinymce widget_black_studio_tinymce\" data-index=\"1\" data-style=\"{&quot;background_image_attachment&quot;:false,&quot;background_display&quot;:&quot;tile&quot;,&quot;kt_animation_duration&quot;:&quot;default&quot;,&quot;kt_animation_delay&quot;:&quot;default&quot;}\" >\n<h3 class=\"widget-title\">B&#038;R<\/h3>\n<div class=\"textwidget\"><img loading=\"lazy\" decoding=\"async\" class=\"alignleft wp-image-140 size-medium\" src=\"http:\/\/imz-it.de\/wp-content\/uploads\/2015\/08\/20140804_1236121-300x225.jpg\" alt=\"20140804_123612\" width=\"300\" height=\"225\" srcset=\"https:\/\/imz-it.de\/wp-content\/uploads\/2015\/08\/20140804_1236121-300x225.jpg 300w, https:\/\/imz-it.de\/wp-content\/uploads\/2015\/08\/20140804_1236121-1024x768.jpg 1024w\" sizes=\"(max-width: 300px) 100vw, 300px\" \/><\/p>\n<p>Ebenfalls seit den 80 zigern erstellen wir SPS Programme f\u00fcr B&amp;R Systeme. Die erste Anlage war ein Tanklager f\u00fcr Flugzeug Enteisungsmittel im Auftrag der Lufthansa Frankfurt. Eine \u00e4quivalente Anlage lieferten wir an den Flughafen Turin. Wir haben immer noch Kunden welche die sogenannte &#8222;schwarze Steuerung&#8220; im Einsatz haben. Auch auf diesem Gebiet halten wir uns auf dem neuesten Stand. Mittlerweile nutzen wir das Automation Studio 4.5. Kunden betreuen wir von Hamburg bis in die Alpenregion. \u00a0<span style=\"color: #e1ede1;\"><a style=\"color: #e1ede1;\" href=\"http:\/\/imz-it.de\/?page_id=369\">mehr<\/a><\/span><\/div>\n<\/div>\n<div id=\"panel-109-0-0-2\" class=\"so-panel widget widget_black-studio-tinymce widget_black_studio_tinymce panel-last-child\" data-index=\"2\" data-style=\"{&quot;background_image_attachment&quot;:false,&quot;background_display&quot;:&quot;tile&quot;,&quot;kt_animation_duration&quot;:&quot;default&quot;,&quot;kt_animation_delay&quot;:&quot;default&quot;}\" >\n<h3 class=\"widget-title\">Siemens<\/h3>\n<div class=\"textwidget\"><img loading=\"lazy\" decoding=\"async\" class=\"alignleft wp-image-132 size-medium\" src=\"http:\/\/imz-it.de\/wp-content\/uploads\/2015\/08\/20141028_113638-300x225.jpg\" alt=\"20141028_113638\" width=\"300\" height=\"225\" srcset=\"https:\/\/imz-it.de\/wp-content\/uploads\/2015\/08\/20141028_113638-300x225.jpg 300w, https:\/\/imz-it.de\/wp-content\/uploads\/2015\/08\/20141028_113638-1024x768.jpg 1024w\" sizes=\"(max-width: 300px) 100vw, 300px\" \/><\/p>\n<p>Last but not least, Siemens. F\u00fcr BMW Regensburg haben wir die erste S5 programmiert. F\u00fcr die Autoindustrie entwickelten wir 1985 eine Steuerung mit ECB Technik f\u00fcr die Erstbetankung der neu produzierten Fahrzeuge. Da das Werk mit H1 Bus Netzwerk zur Produktionssteuerung ausgestattet wurde und unsere Anlage in dieses Netzwerk eingebunden werden musste, realisierten wir eine Verbindung mit einer S5 35U. Mit einer seriellen RS232 Schnittstelle von der ECB zur S5 Steuerung wurde das Problem gel\u00f6st. Die Anbindung an das Bussystem war somit kein Problem. Heute programmieren wir S7 mit TIA Portal Version 15. Nicht nur 300\/400 sondern auch S 1200\/1500. PCS 7 Entwicklungen geh\u00f6ren ebenfalls zu unserem Leistungskatalog.<\/p><\/div>\n<\/div>\n<\/div>\n<\/div>\n<\/div>\n","protected":false},"excerpt":{"rendered":"<p>Delphi \u00a0 Seit Gr\u00fcndung des Ingenieurb\u00fcros entwickeln wir Software mit sogenannten Hochsprachen. Beginnend in den 80ern mit Turbo Pascal und, bis heute, mit Delphi. Im Laufe der Jahre kamen Entwicklungen mit C\/C++ und C# hinzu. Ein gro\u00dfer Teil davon sind &hellip; <a class=\"kt-excerpt-readmore\" href=\"https:\/\/imz-it.de\/?page_id=109\" aria-label=\"Was wir bieten.\">Weiterlesen<\/a><\/p>\n","protected":false},"author":1,"featured_media":0,"parent":0,"menu_order":0,"comment_status":"closed","ping_status":"closed","template":"","meta":{"footnotes":""},"_links":{"self":[{"href":"https:\/\/imz-it.de\/index.php?rest_route=\/wp\/v2\/pages\/109"}],"collection":[{"href":"https:\/\/imz-it.de\/index.php?rest_route=\/wp\/v2\/pages"}],"about":[{"href":"https:\/\/imz-it.de\/index.php?rest_route=\/wp\/v2\/types\/page"}],"author":[{"embeddable":true,"href":"https:\/\/imz-it.de\/index.php?rest_route=\/wp\/v2\/users\/1"}],"replies":[{"embeddable":true,"href":"https:\/\/imz-it.de\/index.php?rest_route=%2Fwp%2Fv2%2Fcomments&post=109"}],"version-history":[{"count":103,"href":"https:\/\/imz-it.de\/index.php?rest_route=\/wp\/v2\/pages\/109\/revisions"}],"predecessor-version":[{"id":706,"href":"https:\/\/imz-it.de\/index.php?rest_route=\/wp\/v2\/pages\/109\/revisions\/706"}],"wp:attachment":[{"href":"https:\/\/imz-it.de\/index.php?rest_route=%2Fwp%2Fv2%2Fmedia&parent=109"}],"curies":[{"name":"wp","href":"https:\/\/api.w.org\/{rel}","templated":true}]}}